{"id":158,"date":"2025-02-18T11:54:46","date_gmt":"2025-02-18T10:54:46","guid":{"rendered":"https:\/\/zerekstudio.com\/about\/"},"modified":"2025-06-19T15:57:00","modified_gmt":"2025-06-19T13:57:00","slug":"nosotros","status":"publish","type":"page","link":"https:\/\/zerekstudio.com\/es\/nosotros\/","title":{"rendered":"Nosotros"},"content":{"rendered":"<h2>Arraigado en la diversidad y el instinto, Zerek Studio eleva el talento emergente y cuenta historias que importan<\/h2>\n<p data-start=\"315\" data-end=\"565\">En Zerek Studio creemos en romper los l\u00edmites creativos a trav\u00e9s de conexiones humanas reales. Somos una agencia de modelos y direcci\u00f3n creativa con base en Madrid, que opera a nivel global en los \u00e1mbitos de la moda, el casting y la narrativa visual.<\/p>\n<p data-start=\"567\" data-end=\"809\">Fomentamos la diversidad no solo frente a la c\u00e1mara, sino tambi\u00e9n dentro de los equipos que hacen posible cada proyecto. Reunimos talento de diferentes or\u00edgenes, culturas y disciplinas, porque sabemos que el gran trabajo nace de la inclusi\u00f3n.<\/p>\n<h2 data-start=\"811\" data-end=\"855\">Casting a medida \u2013 a nivel internacional<\/h2>\n<p>Conocemos el casting desde dentro. Cada selecci\u00f3n que hacemos est\u00e1 pensada al detalle \u2014 no solo por la imagen, sino por la presencia, la energ\u00eda y la qu\u00edmica. Nuestros castings son internacionales y guiados por el instinto. Trabajamos con talentos representados por agencias y tambi\u00e9n independientes, en Europa, Asia y m\u00e1s all\u00e1. Ya sea un descubrimiento de la calle o un nombre consolidado, seleccionamos personas que aportan significado a cada momento.<\/p>\n","protected":false},"excerpt":{"rendered":"<p>Arraigado en la diversidad y el instinto, Zerek Studio eleva el talento emergente y cuenta historias que importan En Zerek Studio creemos en romper los l\u00edmites creativos a trav\u00e9s de conexiones humanas reales. Somos una agencia de modelos y direcci\u00f3n creativa con base en Madrid, que opera a nivel global en los \u00e1mbitos de la [&hellip;]<\/p>\n","protected":false},"author":1,"featured_media":0,"parent":0,"menu_order":1,"comment_status":"closed","ping_status":"closed","template":"","meta":{"footnotes":""},"class_list":["post-158","page","type-page","status-publish","hentry"],"acf":[],"yoast_head":"<!-- This site is optimized with the Yoast SEO plugin v24.7 - https:\/\/yoast.com\/wordpress\/plugins\/seo\/ -->\n<title>Nosotros - Zerek Studio<\/title>\n<meta name=\"robots\" content=\"index, follow, max-snippet:-1, max-image-preview:large, max-video-preview:-1\" \/>\n<link rel=\"canonical\" href=\"https:\/\/zerekstudio.com\/es\/nosotros\/\" \/>\n<meta property=\"og:locale\" content=\"es_ES\" \/>\n<meta property=\"og:type\" content=\"article\" \/>\n<meta property=\"og:title\" content=\"Nosotros - Zerek Studio\" \/>\n<meta property=\"og:description\" content=\"Arraigado en la diversidad y el instinto, Zerek Studio eleva el talento emergente y cuenta historias que importan En Zerek Studio creemos en romper los l\u00edmites creativos a trav\u00e9s de conexiones humanas reales. Somos una agencia de modelos y direcci\u00f3n creativa con base en Madrid, que opera a nivel global en los \u00e1mbitos de la [&hellip;]\" \/>\n<meta property=\"og:url\" content=\"https:\/\/zerekstudio.com\/es\/nosotros\/\" \/>\n<meta property=\"og:site_name\" content=\"Zerek Studio\" \/>\n<meta property=\"article:modified_time\" content=\"2025-06-19T13:57:00+00:00\" \/>\n<meta name=\"twitter:card\" content=\"summary_large_image\" \/>\n<meta name=\"twitter:label1\" content=\"Tiempo de lectura\" \/>\n\t<meta name=\"twitter:data1\" content=\"1 minuto\" \/>\n<script type=\"application\/ld+json\" class=\"yoast-schema-graph\">{\"@context\":\"https:\/\/schema.org\",\"@graph\":[{\"@type\":\"WebPage\",\"@id\":\"https:\/\/zerekstudio.com\/es\/nosotros\/\",\"url\":\"https:\/\/zerekstudio.com\/es\/nosotros\/\",\"name\":\"Nosotros - Zerek Studio\",\"isPartOf\":{\"@id\":\"https:\/\/zerekstudio.com\/es\/#website\"},\"datePublished\":\"2025-02-18T10:54:46+00:00\",\"dateModified\":\"2025-06-19T13:57:00+00:00\",\"breadcrumb\":{\"@id\":\"https:\/\/zerekstudio.com\/es\/nosotros\/#breadcrumb\"},\"inLanguage\":\"es\",\"potentialAction\":[{\"@type\":\"ReadAction\",\"target\":[\"https:\/\/zerekstudio.com\/es\/nosotros\/\"]}]},{\"@type\":\"BreadcrumbList\",\"@id\":\"https:\/\/zerekstudio.com\/es\/nosotros\/#breadcrumb\",\"itemListElement\":[{\"@type\":\"ListItem\",\"position\":1,\"name\":\"Home\",\"item\":\"https:\/\/zerekstudio.com\/es\/\"},{\"@type\":\"ListItem\",\"position\":2,\"name\":\"Nosotros\"}]},{\"@type\":\"WebSite\",\"@id\":\"https:\/\/zerekstudio.com\/es\/#website\",\"url\":\"https:\/\/zerekstudio.com\/es\/\",\"name\":\"Zerek Studio\",\"description\":\"Zerek Studio. Modeling Agency. Creative Consulting, Model\/Artist Management Worldwide.\",\"potentialAction\":[{\"@type\":\"SearchAction\",\"target\":{\"@type\":\"EntryPoint\",\"urlTemplate\":\"https:\/\/zerekstudio.com\/es\/?s={search_term_string}\"},\"query-input\":{\"@type\":\"PropertyValueSpecification\",\"valueRequired\":true,\"valueName\":\"search_term_string\"}}],\"inLanguage\":\"es\"}]}<\/script>\n<!-- \/ Yoast SEO plugin. -->","yoast_head_json":{"title":"Nosotros - Zerek Studio","robots":{"index":"index","follow":"follow","max-snippet":"max-snippet:-1","max-image-preview":"max-image-preview:large","max-video-preview":"max-video-preview:-1"},"canonical":"https:\/\/zerekstudio.com\/es\/nosotros\/","og_locale":"es_ES","og_type":"article","og_title":"Nosotros - Zerek Studio","og_description":"Arraigado en la diversidad y el instinto, Zerek Studio eleva el talento emergente y cuenta historias que importan En Zerek Studio creemos en romper los l\u00edmites creativos a trav\u00e9s de conexiones humanas reales. Somos una agencia de modelos y direcci\u00f3n creativa con base en Madrid, que opera a nivel global en los \u00e1mbitos de la [&hellip;]","og_url":"https:\/\/zerekstudio.com\/es\/nosotros\/","og_site_name":"Zerek Studio","article_modified_time":"2025-06-19T13:57:00+00:00","twitter_card":"summary_large_image","twitter_misc":{"Tiempo de lectura":"1 minuto"},"schema":{"@context":"https:\/\/schema.org","@graph":[{"@type":"WebPage","@id":"https:\/\/zerekstudio.com\/es\/nosotros\/","url":"https:\/\/zerekstudio.com\/es\/nosotros\/","name":"Nosotros - Zerek Studio","isPartOf":{"@id":"https:\/\/zerekstudio.com\/es\/#website"},"datePublished":"2025-02-18T10:54:46+00:00","dateModified":"2025-06-19T13:57:00+00:00","breadcrumb":{"@id":"https:\/\/zerekstudio.com\/es\/nosotros\/#breadcrumb"},"inLanguage":"es","potentialAction":[{"@type":"ReadAction","target":["https:\/\/zerekstudio.com\/es\/nosotros\/"]}]},{"@type":"BreadcrumbList","@id":"https:\/\/zerekstudio.com\/es\/nosotros\/#breadcrumb","itemListElement":[{"@type":"ListItem","position":1,"name":"Home","item":"https:\/\/zerekstudio.com\/es\/"},{"@type":"ListItem","position":2,"name":"Nosotros"}]},{"@type":"WebSite","@id":"https:\/\/zerekstudio.com\/es\/#website","url":"https:\/\/zerekstudio.com\/es\/","name":"Zerek Studio","description":"Zerek Studio. Modeling Agency. Creative Consulting, Model\/Artist Management Worldwide.","potentialAction":[{"@type":"SearchAction","target":{"@type":"EntryPoint","urlTemplate":"https:\/\/zerekstudio.com\/es\/?s={search_term_string}"},"query-input":{"@type":"PropertyValueSpecification","valueRequired":true,"valueName":"search_term_string"}}],"inLanguage":"es"}]}},"_links":{"self":[{"href":"https:\/\/zerekstudio.com\/es\/wp-json\/wp\/v2\/pages\/158","targetHints":{"allow":["GET"]}}],"collection":[{"href":"https:\/\/zerekstudio.com\/es\/wp-json\/wp\/v2\/pages"}],"about":[{"href":"https:\/\/zerekstudio.com\/es\/wp-json\/wp\/v2\/types\/page"}],"author":[{"embeddable":true,"href":"https:\/\/zerekstudio.com\/es\/wp-json\/wp\/v2\/users\/1"}],"replies":[{"embeddable":true,"href":"https:\/\/zerekstudio.com\/es\/wp-json\/wp\/v2\/comments?post=158"}],"version-history":[{"count":12,"href":"https:\/\/zerekstudio.com\/es\/wp-json\/wp\/v2\/pages\/158\/revisions"}],"predecessor-version":[{"id":2651,"href":"https:\/\/zerekstudio.com\/es\/wp-json\/wp\/v2\/pages\/158\/revisions\/2651"}],"wp:attachment":[{"href":"https:\/\/zerekstudio.com\/es\/wp-json\/wp\/v2\/media?parent=158"}],"curies":[{"name":"wp","href":"https:\/\/api.w.org\/{rel}","templated":true}]}}